{"id":14,"date":"2025-09-03T08:04:59","date_gmt":"2025-09-03T08:04:59","guid":{"rendered":"https:\/\/next26677.elev.nextkbh.dk\/?page_id=14"},"modified":"2025-09-03T11:25:48","modified_gmt":"2025-09-03T11:25:48","slug":"om-mig","status":"publish","type":"page","link":"https:\/\/next26677.elev.nextkbh.dk\/?page_id=14","title":{"rendered":"Om mig"},"content":{"rendered":"\n<div class=\"wp-block-group alignfull has-base-color has-accent-4-background-color has-text-color has-background has-link-color wp-elements-60d17602444d4ea1266d2b5adf58ce7a has-global-padding is-layout-constrained wp-block-group-is-layout-constrained\">\n<div class=\"wp-block-columns are-vertically-aligned-center is-layout-flex wp-container-core-columns-is-layout-28f84493 wp-block-columns-is-layout-flex\">\n<div class=\"wp-block-column is-vertically-aligned-center is-layout-flow wp-block-column-is-layout-flow\" style=\"padding-top:var(--wp--preset--spacing--50);padding-bottom:var(--wp--preset--spacing--50)\">\n<div class=\"wp-block-group is-vertical is-layout-flex wp-container-core-group-is-layout-d6b9ab57 wp-block-group-is-layout-flex\">\n<h1 class=\"wp-block-heading has-text-align-left is-style-text-wrap-balance has-contrast-color has-text-color has-link-color wp-elements-37c269910d09ff2b7bb577ccfffbf96d is-style-text-wrap-balance--1\" style=\"font-size:54px\">Mit navn er <br><strong>Asger Tomfrid Nielsen<\/strong><\/h1>\n\n\n\n<p class=\"has-contrast-color has-text-color has-link-color wp-elements-03e2f4faa1c0586c019b7a5af89d7455\">Jeg er 26 \u00e5r og arbejder til daglig hos reklamebureauet <strong>BrandMe<\/strong>, hvor jeg er med til at l\u00f8se opgaver, der sp\u00e6nder fra trykte produktioner til digitale l\u00f8sninger. Jeg br\u00e6nder for grafisk design og nyder at skabe visuelle udtryk, der b\u00e5de er funktionelle og \u00e6stetiske.<\/p>\n\n\n\n<p class=\"has-contrast-color has-text-color has-link-color wp-elements-84ea71d3a2fb4201b6d6332edca288c6\">N\u00e5r jeg ikke sidder foran sk\u00e6rmen, kan jeg ofte findes p\u00e5 Amager, hvor jeg tr\u00e6ner <strong>parkour<\/strong> \u2013 en sport der ligesom mit arbejde kr\u00e6ver b\u00e5de kreativitet, pr\u00e6cision og mod. Jeg har ogs\u00e5 en firbenet tr\u00e6ningsmakker, min hund <strong>Munken<\/strong>, som f\u00f8lger mig trofast i hverdagen.<\/p>\n<\/div>\n<\/div>\n\n\n\n<div class=\"wp-block-column is-vertically-aligned-center is-layout-flow wp-block-column-is-layout-flow\">\n<figure class=\"wp-block-image size-large has-custom-border\" style=\"margin-top:var(--wp--preset--spacing--50);margin-bottom:var(--wp--preset--spacing--50)\"><img loading=\"lazy\" decoding=\"async\" width=\"1024\" height=\"595\" src=\"https:\/\/next26677.elev.nextkbh.dk\/wp-content\/uploads\/2025\/09\/asger-portraet-1024x595.jpg\" alt=\"\" class=\"wp-image-45\" style=\"border-top-left-radius:400px;border-top-right-radius:8px;border-bottom-left-radius:400px;border-bottom-right-radius:8px;aspect-ratio:1;object-fit:cover\" srcset=\"https:\/\/next26677.elev.nextkbh.dk\/wp-content\/uploads\/2025\/09\/asger-portraet-1024x595.jpg 1024w, https:\/\/next26677.elev.nextkbh.dk\/wp-content\/uploads\/2025\/09\/asger-portraet-300x174.jpg 300w, https:\/\/next26677.elev.nextkbh.dk\/wp-content\/uploads\/2025\/09\/asger-portraet-768x446.jpg 768w, https:\/\/next26677.elev.nextkbh.dk\/wp-content\/uploads\/2025\/09\/asger-portraet-1536x892.jpg 1536w, https:\/\/next26677.elev.nextkbh.dk\/wp-content\/uploads\/2025\/09\/asger-portraet.jpg 1920w\" sizes=\"auto, (max-width: 1024px) 100vw, 1024px\" \/><\/figure>\n<\/div>\n<\/div>\n<\/div>\n\n\n\n<div style=\"height:100px\" aria-hidden=\"true\" class=\"wp-block-spacer\"><\/div>\n\n\n\n<h2 class=\"wp-block-heading has-text-align-center\"><strong>LAD OS F\u00c5 KONTAKT \ud83d\ude42 <\/strong><\/h2>\n\n\n\n<div class=\"wp-block-group has-global-padding is-layout-constrained wp-block-group-is-layout-constrained\">\n<div class=\"wp-block-columns alignfull are-vertically-aligned-center is-layout-flex wp-container-core-columns-is-layout-28f84493 wp-block-columns-is-layout-flex\">\n<div class=\"wp-block-column is-vertically-aligned-center is-layout-flow wp-block-column-is-layout-flow\" style=\"flex-basis:100%\">\n<div class=\"wp-block-group is-content-justification-center is-nowrap is-layout-flex wp-container-core-group-is-layout-23441af8 wp-block-group-is-layout-flex\">\n<div class=\"wp-block-contact-form-7-contact-form-selector\">\n<div class=\"wpcf7 no-js\" id=\"wpcf7-f132-o1\" lang=\"en-US\" dir=\"ltr\" data-wpcf7-id=\"132\">\n<div class=\"screen-reader-response\"><p role=\"status\" aria-live=\"polite\" aria-atomic=\"true\"><\/p> <ul><\/ul><\/div>\n<form action=\"\/index.php?rest_route=%2Fwp%2Fv2%2Fpages%2F14#wpcf7-f132-o1\" method=\"post\" class=\"wpcf7-form init\" aria-label=\"Contact form\" novalidate=\"novalidate\" data-status=\"init\">\n<fieldset class=\"hidden-fields-container\"><input type=\"hidden\" name=\"_wpcf7\" value=\"132\" \/><input type=\"hidden\" name=\"_wpcf7_version\" value=\"6.1.1\" \/><input type=\"hidden\" name=\"_wpcf7_locale\" value=\"en_US\" \/><input type=\"hidden\" name=\"_wpcf7_unit_tag\" value=\"wpcf7-f132-o1\" \/><input type=\"hidden\" name=\"_wpcf7_container_post\" value=\"0\" \/><input type=\"hidden\" name=\"_wpcf7_posted_data_hash\" value=\"\" \/>\n<\/fieldset>\n<p><label> Dit navn<br \/>\n<span class=\"wpcf7-form-control-wrap\" data-name=\"your-name\"><input size=\"40\" maxlength=\"400\" class=\"wpcf7-form-control wpcf7-text wpcf7-validates-as-required\" autocomplete=\"name\" aria-required=\"true\" aria-invalid=\"false\" value=\"\" type=\"text\" name=\"your-name\" \/><\/span> <\/label>\n<\/p>\n<p><label> Din email<br \/>\n<span class=\"wpcf7-form-control-wrap\" data-name=\"your-email\"><input size=\"40\" maxlength=\"400\" class=\"wpcf7-form-control wpcf7-email wpcf7-validates-as-required wpcf7-text wpcf7-validates-as-email\" autocomplete=\"email\" aria-required=\"true\" aria-invalid=\"false\" value=\"\" type=\"email\" name=\"your-email\" \/><\/span> <\/label>\n<\/p>\n<p><label> Emne<br \/>\n<span class=\"wpcf7-form-control-wrap\" data-name=\"your-subject\"><input size=\"40\" maxlength=\"400\" class=\"wpcf7-form-control wpcf7-text wpcf7-validates-as-required\" aria-required=\"true\" aria-invalid=\"false\" value=\"\" type=\"text\" name=\"your-subject\" \/><\/span> <\/label>\n<\/p>\n<p><label> Din besked (valgfrit)<br \/>\n<span class=\"wpcf7-form-control-wrap\" data-name=\"your-message\"><textarea cols=\"40\" rows=\"10\" maxlength=\"2000\" class=\"wpcf7-form-control wpcf7-textarea\" aria-invalid=\"false\" name=\"your-message\"><\/textarea><\/span> <\/label>\n<\/p>\n<p><input class=\"wpcf7-form-control wpcf7-submit has-spinner\" type=\"submit\" value=\"Send\" \/>\n<\/p><p style=\"display: none !important;\" class=\"akismet-fields-container\" data-prefix=\"_wpcf7_ak_\"><label>&#916;<textarea name=\"_wpcf7_ak_hp_textarea\" cols=\"45\" rows=\"8\" maxlength=\"100\"><\/textarea><\/label><input type=\"hidden\" id=\"ak_js_1\" name=\"_wpcf7_ak_js\" value=\"32\"\/><script>document.getElementById( \"ak_js_1\" ).setAttribute( \"value\", ( new Date() ).getTime() );<\/script><\/p><div class=\"wpcf7-response-output\" aria-hidden=\"true\"><\/div>\n<\/form>\n<\/div>\n<\/div>\n\n\n\n<figure class=\"wp-block-image alignright size-large is-resized\" style=\"margin-left:var(--wp--preset--spacing--80)\"><img loading=\"lazy\" decoding=\"async\" width=\"1024\" height=\"500\" src=\"https:\/\/next26677.elev.nextkbh.dk\/wp-content\/uploads\/2025\/09\/logo-mediegrafiker-1024x500.png\" alt=\"\" class=\"wp-image-7\" style=\"width:325px;height:auto\" srcset=\"https:\/\/next26677.elev.nextkbh.dk\/wp-content\/uploads\/2025\/09\/logo-mediegrafiker-1024x500.png 1024w, https:\/\/next26677.elev.nextkbh.dk\/wp-content\/uploads\/2025\/09\/logo-mediegrafiker-300x146.png 300w, https:\/\/next26677.elev.nextkbh.dk\/wp-content\/uploads\/2025\/09\/logo-mediegrafiker-768x375.png 768w, https:\/\/next26677.elev.nextkbh.dk\/wp-content\/uploads\/2025\/09\/logo-mediegrafiker.png 1455w\" sizes=\"auto, (max-width: 1024px) 100vw, 1024px\" \/><\/figure>\n<\/div>\n<\/div>\n<\/div>\n<\/div>\n\n\n\n<div class=\"wp-block-group has-global-padding is-layout-constrained wp-block-group-is-layout-constrained\">\n<div class=\"wp-block-columns are-vertically-aligned-center is-layout-flex wp-container-core-columns-is-layout-08a2a807 wp-block-columns-is-layout-flex\">\n<div class=\"wp-block-column is-vertically-aligned-center is-style-default is-layout-flow wp-block-column-is-layout-flow\"><\/div>\n<\/div>\n<\/div>\n\n\n\n<hr class=\"wp-block-separator has-alpha-channel-opacity\"\/>\n\n\n\n<p><\/p>\n","protected":false},"excerpt":{"rendered":"<p>Mit navn er Asger Tomfrid Nielsen Jeg er 26 \u00e5r og arbejder til daglig hos reklamebureauet BrandMe, hvor jeg er med til at l\u00f8se opgaver, der sp\u00e6nder fra trykte produktioner til digitale l\u00f8sninger. Jeg br\u00e6nder for grafisk design og nyder at skabe visuelle udtryk, der b\u00e5de er funktionelle og \u00e6stetiske. N\u00e5r jeg ikke sidder foran [&hellip;]<\/p>\n","protected":false},"author":1,"featured_media":0,"parent":0,"menu_order":0,"comment_status":"closed","ping_status":"closed","template":"","meta":{"footnotes":""},"class_list":["post-14","page","type-page","status-publish","hentry"],"aioseo_notices":[],"_links":{"self":[{"href":"https:\/\/next26677.elev.nextkbh.dk\/index.php?rest_route=\/wp\/v2\/pages\/14","targetHints":{"allow":["GET"]}}],"collection":[{"href":"https:\/\/next26677.elev.nextkbh.dk\/index.php?rest_route=\/wp\/v2\/pages"}],"about":[{"href":"https:\/\/next26677.elev.nextkbh.dk\/index.php?rest_route=\/wp\/v2\/types\/page"}],"author":[{"embeddable":true,"href":"https:\/\/next26677.elev.nextkbh.dk\/index.php?rest_route=\/wp\/v2\/users\/1"}],"replies":[{"embeddable":true,"href":"https:\/\/next26677.elev.nextkbh.dk\/index.php?rest_route=%2Fwp%2Fv2%2Fcomments&post=14"}],"version-history":[{"count":26,"href":"https:\/\/next26677.elev.nextkbh.dk\/index.php?rest_route=\/wp\/v2\/pages\/14\/revisions"}],"predecessor-version":[{"id":178,"href":"https:\/\/next26677.elev.nextkbh.dk\/index.php?rest_route=\/wp\/v2\/pages\/14\/revisions\/178"}],"wp:attachment":[{"href":"https:\/\/next26677.elev.nextkbh.dk\/index.php?rest_route=%2Fwp%2Fv2%2Fmedia&parent=14"}],"curies":[{"name":"wp","href":"https:\/\/api.w.org\/{rel}","templated":true}]}}