{"id":60,"date":"2025-09-03T08:10:08","date_gmt":"2025-09-03T08:10:08","guid":{"rendered":"https:\/\/next26677.elev.nextkbh.dk\/?page_id=60"},"modified":"2025-09-03T11:16:05","modified_gmt":"2025-09-03T11:16:05","slug":"60-2","status":"publish","type":"page","link":"https:\/\/next26677.elev.nextkbh.dk\/","title":{"rendered":"Asger Tomfrid Nielsen"},"content":{"rendered":"\n<hr class=\"wp-block-separator has-text-color has-accent-4-color has-alpha-channel-opacity has-accent-4-background-color has-background is-style-wide\" style=\"margin-top:var(--wp--preset--spacing--30);margin-bottom:var(--wp--preset--spacing--30)\"\/>\n\n\n\n<figure class=\"wp-block-gallery has-nested-images columns-default is-cropped wp-block-gallery-2 is-layout-flex wp-block-gallery-is-layout-flex\">\n<figure class=\"wp-block-image size-full has-custom-border wp-duotone-unset-1\"><img loading=\"lazy\" decoding=\"async\" width=\"2478\" height=\"1758\" data-id=\"65\" src=\"https:\/\/next26677.elev.nextkbh.dk\/wp-content\/uploads\/2025\/09\/forside.jpg\" alt=\"\" class=\"has-border-color has-accent-4-border-color wp-image-65\" style=\"border-width:5px\" srcset=\"https:\/\/next26677.elev.nextkbh.dk\/wp-content\/uploads\/2025\/09\/forside.jpg 2478w, https:\/\/next26677.elev.nextkbh.dk\/wp-content\/uploads\/2025\/09\/forside-300x213.jpg 300w, https:\/\/next26677.elev.nextkbh.dk\/wp-content\/uploads\/2025\/09\/forside-1024x726.jpg 1024w, https:\/\/next26677.elev.nextkbh.dk\/wp-content\/uploads\/2025\/09\/forside-768x545.jpg 768w, https:\/\/next26677.elev.nextkbh.dk\/wp-content\/uploads\/2025\/09\/forside-1536x1090.jpg 1536w, https:\/\/next26677.elev.nextkbh.dk\/wp-content\/uploads\/2025\/09\/forside-2048x1453.jpg 2048w\" sizes=\"auto, (max-width: 2478px) 100vw, 2478px\" \/><\/figure>\n<\/figure>\n\n\n\n<div style=\"height:50px\" aria-hidden=\"true\" class=\"wp-block-spacer\"><\/div>\n\n\n\n<div class=\"wp-block-group alignwide has-global-padding is-layout-constrained wp-container-core-group-is-layout-41a65ba6 wp-block-group-is-layout-constrained\">\n<div class=\"wp-block-group has-global-padding is-layout-constrained wp-block-group-is-layout-constrained\">\n<h2 class=\"wp-block-heading is-style-text-wrap-balance is-style-text-wrap-balance--3\" style=\"font-size:60px;font-style:normal;font-weight:600\"><strong>Folder (148&#215;210 mm)<\/strong><\/h2>\n<\/div>\n\n\n\n<div class=\"wp-block-columns is-layout-flex wp-container-core-columns-is-layout-28f84493 wp-block-columns-is-layout-flex\">\n<div class=\"wp-block-column is-layout-flow wp-block-column-is-layout-flow\">\n<div class=\"wp-block-columns is-layout-flex wp-container-core-columns-is-layout-28f84493 wp-block-columns-is-layout-flex\">\n<div class=\"wp-block-column is-layout-flow wp-block-column-is-layout-flow\" style=\"flex-basis:100%\"><\/div>\n<\/div>\n\n\n\n<p class=\"is-style-text-wrap-balance is-style-text-wrap-balance--4\">Jeg startede med at s\u00e6tte dokumentet korrekt op i InDesign ud fra de m\u00e5l, margener og baseline grid, der stod i opgavebeskrivelsen. Derefter importerede jeg teksten fra <em>roskildeZooTekst.docx<\/em> og begyndte at arbejde med typografien. Jeg fulgte de fastlagte krav til skrifttyper og rubrikniveauer, men jeg justerede ops\u00e6tningen, s\u00e5 der blev skabt et tydeligt hierarki mellem rubrikker, mellemrubrikker og br\u00f8dtekst. <\/p>\n\n\n\n<p class=\"is-style-text-wrap-balance is-style-text-wrap-balance--5\">Jeg valgte at bruge farverne gr\u00f8n og orange konsekvent, fordi de b\u00e5de matcher Roskilde Zoos identitet og giver et venligt udtryk, der tiltaler b\u00f8rnefamilier. For at sikre en p\u00e6n spalteops\u00e6tning brugte jeg de angivne <em>hyphenation- og justification<\/em>-indstillinger, hvilket gjorde teksten let at l\u00e6se og visuelt harmonisk.<\/p>\n<\/div>\n<\/div>\n<\/div>\n\n\n\n<div style=\"height:75px\" aria-hidden=\"true\" class=\"wp-block-spacer\"><\/div>\n\n\n\n<div class=\"wp-block-group alignfull has-accent-4-background-color has-background has-global-padding is-layout-constrained wp-container-core-group-is-layout-d2f9c1c9 wp-block-group-is-layout-constrained\" style=\"border-style:none;border-width:0px;border-radius:0px;padding-top:var(--wp--preset--spacing--50);padding-right:var(--wp--preset--spacing--30);padding-bottom:var(--wp--preset--spacing--50);padding-left:var(--wp--preset--spacing--30)\">\n<figure data-wp-context=\"{&quot;imageId&quot;:&quot;6a0849e8cacd9&quot;}\" data-wp-interactive=\"core\/image\" class=\"wp-block-image size-full is-resized wp-lightbox-container\"><img loading=\"lazy\" decoding=\"async\" width=\"10272\" height=\"3847\" data-wp-class--hide=\"state.isContentHidden\" data-wp-class--show=\"state.isContentVisible\" data-wp-init=\"callbacks.setButtonStyles\" data-wp-on-async--click=\"actions.showLightbox\" data-wp-on-async--load=\"callbacks.setButtonStyles\" data-wp-on-async-window--resize=\"callbacks.setButtonStyles\" src=\"https:\/\/next26677.elev.nextkbh.dk\/wp-content\/uploads\/2025\/09\/RoskildeZoo4_Page_1.jpg\" alt=\"\" class=\"wp-image-129\" style=\"width:1200px;height:auto\"\/><button\n\t\t\tclass=\"lightbox-trigger\"\n\t\t\ttype=\"button\"\n\t\t\taria-haspopup=\"dialog\"\n\t\t\taria-label=\"Enlarge\"\n\t\t\tdata-wp-init=\"callbacks.initTriggerButton\"\n\t\t\tdata-wp-on-async--click=\"actions.showLightbox\"\n\t\t\tdata-wp-style--right=\"state.imageButtonRight\"\n\t\t\tdata-wp-style--top=\"state.imageButtonTop\"\n\t\t>\n\t\t\t<svg xmlns=\"http:\/\/www.w3.org\/2000\/svg\" width=\"12\" height=\"12\" fill=\"none\" viewBox=\"0 0 12 12\">\n\t\t\t\t<path fill=\"#fff\" d=\"M2 0a2 2 0 0 0-2 2v2h1.5V2a.5.5 0 0 1 .5-.5h2V0H2Zm2 10.5H2a.5.5 0 0 1-.5-.5V8H0v2a2 2 0 0 0 2 2h2v-1.5ZM8 12v-1.5h2a.5.5 0 0 0 .5-.5V8H12v2a2 2 0 0 1-2 2H8Zm2-12a2 2 0 0 1 2 2v2h-1.5V2a.5.5 0 0 0-.5-.5H8V0h2Z\" \/>\n\t\t\t<\/svg>\n\t\t<\/button><\/figure>\n\n\n\n<figure data-wp-context=\"{&quot;imageId&quot;:&quot;6a0849e8cb13c&quot;}\" data-wp-interactive=\"core\/image\" class=\"wp-block-image size-full is-resized wp-lightbox-container\"><img loading=\"lazy\" decoding=\"async\" width=\"10272\" height=\"3847\" data-wp-class--hide=\"state.isContentHidden\" data-wp-class--show=\"state.isContentVisible\" data-wp-init=\"callbacks.setButtonStyles\" data-wp-on-async--click=\"actions.showLightbox\" data-wp-on-async--load=\"callbacks.setButtonStyles\" data-wp-on-async-window--resize=\"callbacks.setButtonStyles\" src=\"https:\/\/next26677.elev.nextkbh.dk\/wp-content\/uploads\/2025\/09\/RoskildeZoo4_Page_2.jpg\" alt=\"\" class=\"wp-image-130\" style=\"width:1200px;height:auto\" srcset=\"https:\/\/next26677.elev.nextkbh.dk\/wp-content\/uploads\/2025\/09\/RoskildeZoo4_Page_2.jpg 10272w, https:\/\/next26677.elev.nextkbh.dk\/wp-content\/uploads\/2025\/09\/RoskildeZoo4_Page_2-300x112.jpg 300w\" sizes=\"auto, (max-width: 10272px) 100vw, 10272px\" \/><button\n\t\t\tclass=\"lightbox-trigger\"\n\t\t\ttype=\"button\"\n\t\t\taria-haspopup=\"dialog\"\n\t\t\taria-label=\"Enlarge\"\n\t\t\tdata-wp-init=\"callbacks.initTriggerButton\"\n\t\t\tdata-wp-on-async--click=\"actions.showLightbox\"\n\t\t\tdata-wp-style--right=\"state.imageButtonRight\"\n\t\t\tdata-wp-style--top=\"state.imageButtonTop\"\n\t\t>\n\t\t\t<svg xmlns=\"http:\/\/www.w3.org\/2000\/svg\" width=\"12\" height=\"12\" fill=\"none\" viewBox=\"0 0 12 12\">\n\t\t\t\t<path fill=\"#fff\" d=\"M2 0a2 2 0 0 0-2 2v2h1.5V2a.5.5 0 0 1 .5-.5h2V0H2Zm2 10.5H2a.5.5 0 0 1-.5-.5V8H0v2a2 2 0 0 0 2 2h2v-1.5ZM8 12v-1.5h2a.5.5 0 0 0 .5-.5V8H12v2a2 2 0 0 1-2 2H8Zm2-12a2 2 0 0 1 2 2v2h-1.5V2a.5.5 0 0 0-.5-.5H8V0h2Z\" \/>\n\t\t\t<\/svg>\n\t\t<\/button><\/figure>\n<\/div>\n\n\n\n<div style=\"height:75px\" aria-hidden=\"true\" class=\"wp-block-spacer\"><\/div>\n\n\n\n<h1 class=\"wp-block-heading\" style=\"font-size:60px\"><strong>Billedbehandling<\/strong><\/h1>\n\n\n\n<p>Jeg arbejdede med to billeder i Photoshop.<\/p>\n\n\n\n<ul class=\"wp-block-list\">\n<li><strong>Fr\u00f8en p\u00e5 forsiden:<\/strong><br>Jeg gjorde hele billedet sort\/hvid, men lod fr\u00f8ens \u00f8je forblive i farve. Derefter justerede jeg \u00f8jets r\u00f8dlige tone og fremh\u00e6vede detaljerne, s\u00e5 det fik en tydelig kontrast og blev blikfang p\u00e5 forsiden.<\/li>\n\n\n\n<li><strong>Slangehovedet:<\/strong><br>Jeg frilagde slangen ved hj\u00e6lp af markeringsv\u00e6rkt\u00f8jer og lagmasker. For at f\u00e5 et rent og professionelt resultat udj\u00e6vnede jeg kanterne og tilpassede billedet, s\u00e5 det passede ind i layoutet.<\/li>\n<\/ul>\n\n\n\n<p>Til sidst gemte jeg begge billeder i CMYK og i den rette opl\u00f8sning, s\u00e5 de var klar til tryk.<\/p>\n\n\n\n<figure class=\"wp-block-gallery has-nested-images columns-default is-cropped wp-block-gallery-6 is-layout-flex wp-block-gallery-is-layout-flex\">\n<figure data-wp-context=\"{&quot;imageId&quot;:&quot;6a0849e8cb64f&quot;}\" data-wp-interactive=\"core\/image\" class=\"wp-block-image size-large has-custom-border wp-lightbox-container\"><img loading=\"lazy\" decoding=\"async\" width=\"1024\" height=\"678\" data-wp-class--hide=\"state.isContentHidden\" data-wp-class--show=\"state.isContentVisible\" data-wp-init=\"callbacks.setButtonStyles\" data-wp-on-async--click=\"actions.showLightbox\" data-wp-on-async--load=\"callbacks.setButtonStyles\" data-wp-on-async-window--resize=\"callbacks.setButtonStyles\" data-id=\"26\" src=\"https:\/\/next26677.elev.nextkbh.dk\/wp-content\/uploads\/2025\/09\/froe_forside-1024x678.jpg\" alt=\"\" class=\"has-border-color has-accent-4-border-color wp-image-26\" style=\"border-width:5px\" srcset=\"https:\/\/next26677.elev.nextkbh.dk\/wp-content\/uploads\/2025\/09\/froe_forside-1024x678.jpg 1024w, https:\/\/next26677.elev.nextkbh.dk\/wp-content\/uploads\/2025\/09\/froe_forside-300x199.jpg 300w, https:\/\/next26677.elev.nextkbh.dk\/wp-content\/uploads\/2025\/09\/froe_forside-768x509.jpg 768w, https:\/\/next26677.elev.nextkbh.dk\/wp-content\/uploads\/2025\/09\/froe_forside-1536x1017.jpg 1536w, https:\/\/next26677.elev.nextkbh.dk\/wp-content\/uploads\/2025\/09\/froe_forside-2048x1356.jpg 2048w\" sizes=\"auto, (max-width: 1024px) 100vw, 1024px\" \/><button\n\t\t\tclass=\"lightbox-trigger\"\n\t\t\ttype=\"button\"\n\t\t\taria-haspopup=\"dialog\"\n\t\t\taria-label=\"Enlarge\"\n\t\t\tdata-wp-init=\"callbacks.initTriggerButton\"\n\t\t\tdata-wp-on-async--click=\"actions.showLightbox\"\n\t\t\tdata-wp-style--right=\"state.imageButtonRight\"\n\t\t\tdata-wp-style--top=\"state.imageButtonTop\"\n\t\t>\n\t\t\t<svg xmlns=\"http:\/\/www.w3.org\/2000\/svg\" width=\"12\" height=\"12\" fill=\"none\" viewBox=\"0 0 12 12\">\n\t\t\t\t<path fill=\"#fff\" d=\"M2 0a2 2 0 0 0-2 2v2h1.5V2a.5.5 0 0 1 .5-.5h2V0H2Zm2 10.5H2a.5.5 0 0 1-.5-.5V8H0v2a2 2 0 0 0 2 2h2v-1.5ZM8 12v-1.5h2a.5.5 0 0 0 .5-.5V8H12v2a2 2 0 0 1-2 2H8Zm2-12a2 2 0 0 1 2 2v2h-1.5V2a.5.5 0 0 0-.5-.5H8V0h2Z\" \/>\n\t\t\t<\/svg>\n\t\t<\/button><\/figure>\n\n\n\n<figure data-wp-context=\"{&quot;imageId&quot;:&quot;6a0849e8cb8f9&quot;}\" data-wp-interactive=\"core\/image\" class=\"wp-block-image size-large has-custom-border wp-lightbox-container\"><img loading=\"lazy\" decoding=\"async\" width=\"1024\" height=\"678\" data-wp-class--hide=\"state.isContentHidden\" data-wp-class--show=\"state.isContentVisible\" data-wp-init=\"callbacks.setButtonStyles\" data-wp-on-async--click=\"actions.showLightbox\" data-wp-on-async--load=\"callbacks.setButtonStyles\" data-wp-on-async-window--resize=\"callbacks.setButtonStyles\" data-id=\"25\" src=\"https:\/\/next26677.elev.nextkbh.dk\/wp-content\/uploads\/2025\/09\/slangehoved-1024x678.png\" alt=\"\" class=\"has-border-color has-accent-4-border-color wp-image-25\" style=\"border-width:5px\" srcset=\"https:\/\/next26677.elev.nextkbh.dk\/wp-content\/uploads\/2025\/09\/slangehoved-1024x678.png 1024w, https:\/\/next26677.elev.nextkbh.dk\/wp-content\/uploads\/2025\/09\/slangehoved-300x199.png 300w, https:\/\/next26677.elev.nextkbh.dk\/wp-content\/uploads\/2025\/09\/slangehoved-768x509.png 768w, https:\/\/next26677.elev.nextkbh.dk\/wp-content\/uploads\/2025\/09\/slangehoved-1536x1017.png 1536w, https:\/\/next26677.elev.nextkbh.dk\/wp-content\/uploads\/2025\/09\/slangehoved-2048x1356.png 2048w\" sizes=\"auto, (max-width: 1024px) 100vw, 1024px\" \/><button\n\t\t\tclass=\"lightbox-trigger\"\n\t\t\ttype=\"button\"\n\t\t\taria-haspopup=\"dialog\"\n\t\t\taria-label=\"Enlarge\"\n\t\t\tdata-wp-init=\"callbacks.initTriggerButton\"\n\t\t\tdata-wp-on-async--click=\"actions.showLightbox\"\n\t\t\tdata-wp-style--right=\"state.imageButtonRight\"\n\t\t\tdata-wp-style--top=\"state.imageButtonTop\"\n\t\t>\n\t\t\t<svg xmlns=\"http:\/\/www.w3.org\/2000\/svg\" width=\"12\" height=\"12\" fill=\"none\" viewBox=\"0 0 12 12\">\n\t\t\t\t<path fill=\"#fff\" d=\"M2 0a2 2 0 0 0-2 2v2h1.5V2a.5.5 0 0 1 .5-.5h2V0H2Zm2 10.5H2a.5.5 0 0 1-.5-.5V8H0v2a2 2 0 0 0 2 2h2v-1.5ZM8 12v-1.5h2a.5.5 0 0 0 .5-.5V8H12v2a2 2 0 0 1-2 2H8Zm2-12a2 2 0 0 1 2 2v2h-1.5V2a.5.5 0 0 0-.5-.5H8V0h2Z\" \/>\n\t\t\t<\/svg>\n\t\t<\/button><\/figure>\n<\/figure>\n\n\n\n<div style=\"height:75px\" aria-hidden=\"true\" class=\"wp-block-spacer\"><\/div>\n\n\n\n<div class=\"wp-block-group alignfull has-accent-4-background-color has-background has-global-padding is-content-justification-center is-layout-constrained wp-container-core-group-is-layout-9ffd0361 wp-block-group-is-layout-constrained\" style=\"border-style:none;border-width:0px;border-radius:0px;padding-top:var(--wp--preset--spacing--50);padding-right:var(--wp--preset--spacing--30);padding-bottom:var(--wp--preset--spacing--50);padding-left:var(--wp--preset--spacing--30)\">\n<h1 class=\"wp-block-heading\" style=\"font-size:60px\"><strong>Rentegning af logo<\/strong><\/h1>\n\n\n\n<div class=\"wp-block-group is-nowrap is-layout-flex wp-container-core-group-is-layout-f66f9956 wp-block-group-is-layout-flex\">\n<p class=\"is-style-text-wrap-balance is-style-text-wrap-balance--7\" style=\"padding-top:0;padding-right:0;padding-bottom:0;padding-left:0\">I Illustrator rentegnede jeg logoet ud fra den udleverede AI-fil. Jeg brugte Merriweather som skrifttype og s\u00f8rgede for, at alle elementer blev pr\u00e6cist genskabt, s\u00e5 logoet kan bruges i b\u00e5de tryk og digitalt uden at miste kvalitet. <br><br>Jeg eksperimenterede med forskellige farvekombinationer og besluttede at bruge gr\u00f8n og orange, s\u00e5 logoet kom til at h\u00e6nge sammen med folderens visuelle stil. Mit fokus var at skabe et im\u00f8dekommende og genkendeligt udtryk, der passede til b\u00f8rnefamilier som m\u00e5lgruppe.<\/p>\n\n\n\n<figure data-wp-context=\"{&quot;imageId&quot;:&quot;6a0849e8cbf86&quot;}\" data-wp-interactive=\"core\/image\" class=\"wp-block-image size-full is-resized is-style-default wp-lightbox-container\"><img loading=\"lazy\" decoding=\"async\" width=\"314\" height=\"361\" data-wp-class--hide=\"state.isContentHidden\" data-wp-class--show=\"state.isContentVisible\" data-wp-init=\"callbacks.setButtonStyles\" data-wp-on-async--click=\"actions.showLightbox\" data-wp-on-async--load=\"callbacks.setButtonStyles\" data-wp-on-async-window--resize=\"callbacks.setButtonStyles\" src=\"https:\/\/next26677.elev.nextkbh.dk\/wp-content\/uploads\/2025\/09\/logo-zoo.png\" alt=\"\" class=\"wp-image-23\" style=\"width:440px;height:auto\" srcset=\"https:\/\/next26677.elev.nextkbh.dk\/wp-content\/uploads\/2025\/09\/logo-zoo.png 314w, https:\/\/next26677.elev.nextkbh.dk\/wp-content\/uploads\/2025\/09\/logo-zoo-261x300.png 261w\" sizes=\"auto, (max-width: 314px) 100vw, 314px\" \/><button\n\t\t\tclass=\"lightbox-trigger\"\n\t\t\ttype=\"button\"\n\t\t\taria-haspopup=\"dialog\"\n\t\t\taria-label=\"Enlarge\"\n\t\t\tdata-wp-init=\"callbacks.initTriggerButton\"\n\t\t\tdata-wp-on-async--click=\"actions.showLightbox\"\n\t\t\tdata-wp-style--right=\"state.imageButtonRight\"\n\t\t\tdata-wp-style--top=\"state.imageButtonTop\"\n\t\t>\n\t\t\t<svg xmlns=\"http:\/\/www.w3.org\/2000\/svg\" width=\"12\" height=\"12\" fill=\"none\" viewBox=\"0 0 12 12\">\n\t\t\t\t<path fill=\"#fff\" d=\"M2 0a2 2 0 0 0-2 2v2h1.5V2a.5.5 0 0 1 .5-.5h2V0H2Zm2 10.5H2a.5.5 0 0 1-.5-.5V8H0v2a2 2 0 0 0 2 2h2v-1.5ZM8 12v-1.5h2a.5.5 0 0 0 .5-.5V8H12v2a2 2 0 0 1-2 2H8Zm2-12a2 2 0 0 1 2 2v2h-1.5V2a.5.5 0 0 0-.5-.5H8V0h2Z\" \/>\n\t\t\t<\/svg>\n\t\t<\/button><\/figure>\n<\/div>\n<\/div>\n\n\n\n<div style=\"height:100px\" aria-hidden=\"true\" class=\"wp-block-spacer\"><\/div>\n\n\n\n<p style=\"font-size:60px\"><strong>Refleksion<\/strong><\/p>\n\n\n\n<p class=\"is-style-text-wrap-balance is-style-text-wrap-balance--8\">Jeg synes, opgaven gav mig en god mulighed for at kombinere flere forskellige grafiske discipliner: ops\u00e6tning i InDesign, billedbehandling i Photoshop og rentegning i Illustrator. Jeg fik tr\u00e6net b\u00e5de min tekniske pr\u00e6cision og min evne til at tr\u00e6ffe designvalg, der underst\u00f8tter en visuel identitet.<\/p>\n\n\n\n<hr class=\"wp-block-separator has-text-color has-accent-4-color has-alpha-channel-opacity has-accent-4-background-color has-background is-style-wide\" style=\"margin-top:var(--wp--preset--spacing--60);margin-bottom:var(--wp--preset--spacing--60)\"\/>\n","protected":false},"excerpt":{"rendered":"<p>Folder (148&#215;210 mm) Jeg startede med at s\u00e6tte dokumentet korrekt op i InDesign ud fra de m\u00e5l, margener og baseline grid, der stod i opgavebeskrivelsen. Derefter importerede jeg teksten fra roskildeZooTekst.docx og begyndte at arbejde med typografien. Jeg fulgte de fastlagte krav til skrifttyper og rubrikniveauer, men jeg justerede ops\u00e6tningen, s\u00e5 der blev skabt et [&hellip;]<\/p>\n","protected":false},"author":1,"featured_media":7,"parent":0,"menu_order":1,"comment_status":"closed","ping_status":"closed","template":"","meta":{"footnotes":""},"class_list":["post-60","page","type-page","status-publish","has-post-thumbnail","hentry"],"aioseo_notices":[],"_links":{"self":[{"href":"https:\/\/next26677.elev.nextkbh.dk\/index.php?rest_route=\/wp\/v2\/pages\/60","targetHints":{"allow":["GET"]}}],"collection":[{"href":"https:\/\/next26677.elev.nextkbh.dk\/index.php?rest_route=\/wp\/v2\/pages"}],"about":[{"href":"https:\/\/next26677.elev.nextkbh.dk\/index.php?rest_route=\/wp\/v2\/types\/page"}],"author":[{"embeddable":true,"href":"https:\/\/next26677.elev.nextkbh.dk\/index.php?rest_route=\/wp\/v2\/users\/1"}],"replies":[{"embeddable":true,"href":"https:\/\/next26677.elev.nextkbh.dk\/index.php?rest_route=%2Fwp%2Fv2%2Fcomments&post=60"}],"version-history":[{"count":56,"href":"https:\/\/next26677.elev.nextkbh.dk\/index.php?rest_route=\/wp\/v2\/pages\/60\/revisions"}],"predecessor-version":[{"id":173,"href":"https:\/\/next26677.elev.nextkbh.dk\/index.php?rest_route=\/wp\/v2\/pages\/60\/revisions\/173"}],"wp:featuredmedia":[{"embeddable":true,"href":"https:\/\/next26677.elev.nextkbh.dk\/index.php?rest_route=\/wp\/v2\/media\/7"}],"wp:attachment":[{"href":"https:\/\/next26677.elev.nextkbh.dk\/index.php?rest_route=%2Fwp%2Fv2%2Fmedia&parent=60"}],"curies":[{"name":"wp","href":"https:\/\/api.w.org\/{rel}","templated":true}]}}